{"id":1280,"date":"2025-01-29T18:44:18","date_gmt":"2025-01-29T18:44:18","guid":{"rendered":"https:\/\/colors.edu.mx\/?page_id=1280"},"modified":"2025-01-29T19:33:42","modified_gmt":"2025-01-29T19:33:42","slug":"taller-gastronomico","status":"publish","type":"page","link":"https:\/\/colors.edu.mx\/?page_id=1280","title":{"rendered":"Taller Gastron\u00f3mico"},"content":{"rendered":"\t\t<div data-elementor-type=\"wp-page\" data-elementor-id=\"1280\" class=\"elementor elementor-1280\" data-elementor-post-type=\"page\">\n\t\t\t\t\t\t<section class=\"elementor-section elementor-top-section elementor-element elementor-element-ca5f7bf elementor-section-boxed elementor-section-height-default elementor-section-height-default\" data-id=\"ca5f7bf\" data-element_type=\"section\" data-e-type=\"section\">\n\t\t\t\t\t\t<div class=\"elementor-container elementor-column-gap-default\">\n\t\t\t\t\t<div class=\"elementor-column elementor-col-50 elementor-top-column elementor-element elementor-element-e83547e\" data-id=\"e83547e\" data-element_type=\"column\" data-e-type=\"column\">\n\t\t\t<div class=\"elementor-widget-wrap elementor-element-populated\">\n\t\t\t\t\t\t<div class=\"elementor-element elementor-element-39a186f elementor-widget__width-initial elementor-widget elementor-widget-video\" data-id=\"39a186f\" data-element_type=\"widget\" data-e-type=\"widget\" data-settings=\"{&quot;youtube_url&quot;:&quot;https:\\\/\\\/youtube.com\\\/shorts\\\/BWi3DMIXLsU&quot;,&quot;video_type&quot;:&quot;youtube&quot;,&quot;controls&quot;:&quot;yes&quot;}\" data-widget_type=\"video.default\">\n\t\t\t\t<div class=\"elementor-widget-container\">\n\t\t\t\t\t\t\t<div class=\"elementor-wrapper elementor-open-inline\">\n\t\t\t<div class=\"elementor-video\"><\/div>\t\t<\/div>\n\t\t\t\t\t\t<\/div>\n\t\t\t\t<\/div>\n\t\t\t\t\t<\/div>\n\t\t<\/div>\n\t\t\t\t<div class=\"elementor-column elementor-col-50 elementor-top-column elementor-element elementor-element-434cb9f\" data-id=\"434cb9f\" data-element_type=\"column\" data-e-type=\"column\">\n\t\t\t<div class=\"elementor-widget-wrap elementor-element-populated\">\n\t\t\t\t\t\t<div class=\"elementor-element elementor-element-4b960c3 elementor-widget__width-initial elementor-widget elementor-widget-text-editor\" data-id=\"4b960c3\" data-element_type=\"widget\" data-e-type=\"widget\" data-widget_type=\"text-editor.default\">\n\t\t\t\t<div class=\"elementor-widget-container\">\n\t\t\t\t\t\t\t\t\t<h3><strong>El Taller Gastron\u00f3mico en Colors: Un Espacio para Crear y Aprender<\/strong> \ud83c\udf7d\ufe0f\ud83d\udc69\u200d\ud83c\udf73<\/h3><p>En Colors, entendemos que la educaci\u00f3n va m\u00e1s all\u00e1 del aula, por eso ofrecemos a nuestros estudiantes un <strong>Taller Gastron\u00f3mico<\/strong> donde tienen la oportunidad de explorar su creatividad en la cocina. A trav\u00e9s de este taller, los ni\u00f1os no solo aprenden recetas, sino tambi\u00e9n importantes habilidades como el trabajo en equipo, la paciencia y la organizaci\u00f3n.<\/p><p>El Taller Gastron\u00f3mico est\u00e1 dise\u00f1ado para ense\u00f1ar a los estudiantes el arte de la cocina de una manera divertida y educativa, fomentando en ellos el inter\u00e9s por la alimentaci\u00f3n saludable, la experimentaci\u00f3n y la innovaci\u00f3n. Adem\u00e1s, tienen la oportunidad de desarrollar destrezas que ser\u00e1n valiosas tanto en su vida cotidiana como en su futuro.<\/p><p>Los ni\u00f1os aprenden a preparar platillos variados, desde recetas sencillas hasta comidas m\u00e1s elaboradas, lo que les permite descubrir el valor de la alimentaci\u00f3n, la creatividad en la cocina y la satisfacci\u00f3n de crear algo con sus propias manos.<\/p><p>En Colors, el aprendizaje es una experiencia completa que involucra tanto la mente como los sentidos.<\/p>\t\t\t\t\t\t\t\t<\/div>\n\t\t\t\t<\/div>\n\t\t\t\t\t<\/div>\n\t\t<\/div>\n\t\t\t\t\t<\/div>\n\t\t<\/section>\n\t\t\t\t<\/div>\n\t\t","protected":false},"excerpt":{"rendered":"<p>https:\/\/youtube.com\/shorts\/BWi3DMIXLsU El Taller Gastron\u00f3mico en Colors: Un Espacio para Crear y Aprender \ud83c\udf7d\ufe0f\ud83d\udc69\u200d\ud83c\udf73 En Colors, entendemos que la educaci\u00f3n va m\u00e1s all\u00e1 del aula, por eso ofrecemos a nuestros estudiantes un Taller Gastron\u00f3mico donde tienen la oportunidad de explorar su creatividad en la cocina. A trav\u00e9s de este taller, los ni\u00f1os no solo aprenden recetas, [&hellip;]<\/p>\n","protected":false},"author":5,"featured_media":0,"parent":0,"menu_order":0,"comment_status":"closed","ping_status":"closed","template":"","meta":{"_coblocks_attr":"","_coblocks_dimensions":"","_coblocks_responsive_height":"","_coblocks_accordion_ie_support":"","_joinchat":[],"footnotes":""},"class_list":["post-1280","page","type-page","status-publish","hentry"],"_links":{"self":[{"href":"https:\/\/colors.edu.mx\/index.php?rest_route=\/wp\/v2\/pages\/1280","targetHints":{"allow":["GET"]}}],"collection":[{"href":"https:\/\/colors.edu.mx\/index.php?rest_route=\/wp\/v2\/pages"}],"about":[{"href":"https:\/\/colors.edu.mx\/index.php?rest_route=\/wp\/v2\/types\/page"}],"author":[{"embeddable":true,"href":"https:\/\/colors.edu.mx\/index.php?rest_route=\/wp\/v2\/users\/5"}],"replies":[{"embeddable":true,"href":"https:\/\/colors.edu.mx\/index.php?rest_route=%2Fwp%2Fv2%2Fcomments&post=1280"}],"version-history":[{"count":10,"href":"https:\/\/colors.edu.mx\/index.php?rest_route=\/wp\/v2\/pages\/1280\/revisions"}],"predecessor-version":[{"id":1319,"href":"https:\/\/colors.edu.mx\/index.php?rest_route=\/wp\/v2\/pages\/1280\/revisions\/1319"}],"wp:attachment":[{"href":"https:\/\/colors.edu.mx\/index.php?rest_route=%2Fwp%2Fv2%2Fmedia&parent=1280"}],"curies":[{"name":"wp","href":"https:\/\/api.w.org\/{rel}","templated":true}]}}